{"id":87,"date":"2020-11-30T18:11:23","date_gmt":"2020-11-30T18:11:23","guid":{"rendered":"https:\/\/blogs.masdividendos.com\/la-navaja-de-occam\/?page_id=87"},"modified":"2020-11-30T18:16:32","modified_gmt":"2020-11-30T18:16:32","slug":"sobre-mi","status":"publish","type":"page","link":"https:\/\/blogs.masdividendos.com\/la-navaja-de-occam\/sobre-mi\/","title":{"rendered":"Sobre m\u00ed"},"content":{"rendered":"\n<div class=\"wp-block-columns are-vertically-aligned-center is-layout-flex wp-container-core-columns-is-layout-1 wp-block-columns-is-layout-flex\">\n<div class=\"wp-block-column is-vertically-aligned-center is-layout-flow wp-block-column-is-layout-flow\" style=\"flex-basis:57.6%\">\n<div class=\"wp-block-image\"><figure class=\"aligncenter size-large is-resized\"><img loading=\"lazy\" decoding=\"async\" src=\"https:\/\/blogs.masdividendos.com\/la-navaja-de-occam\/wp-content\/uploads\/sites\/25\/2020\/11\/Foto-resdes-2020-lt.jpg\" alt=\"Antonio Quir\u00f3s\" class=\"wp-image-77\" width=\"265\" height=\"293\" srcset=\"https:\/\/blogs.masdividendos.com\/la-navaja-de-occam\/wp-content\/uploads\/sites\/25\/2020\/11\/Foto-resdes-2020-lt.jpg 400w, https:\/\/blogs.masdividendos.com\/la-navaja-de-occam\/wp-content\/uploads\/sites\/25\/2020\/11\/Foto-resdes-2020-lt-271x300.jpg 271w\" sizes=\"(max-width: 265px) 100vw, 265px\" \/><\/figure><\/div>\n<\/div>\n\n\n\n<div class=\"wp-block-column is-vertically-aligned-center is-layout-flow wp-block-column-is-layout-flow\" style=\"flex-basis:66.66%\">\n<p>Antonio Quir\u00f3s posee una dilatada experiencia en el mundo de los proyectos y servicios tecnol\u00f3gicos para clientes. Como cree que el ser humano unidimensional termin\u00f3 con los fil\u00f3sofos y cient\u00edficos del Renacimiento, resulta que es Licenciado en Filosof\u00eda por la UCM, Diplomado en Estudios Avanzados en Ciencias Pol\u00edticas por la UNED y Graduado en Direcci\u00f3n General de Empresas (PDG) por el IESE.<\/p>\n<\/div>\n<\/div>\n\n\n\n<p>Como si no fuera suficiente esta diversidad en los estudios, resulta que toda su experiencia profesional (m\u00e1s de treinta a\u00f1os) se ha llevado a cabo en el mundo de la tecnolog\u00eda, sobre todo en\u00a0 desarrollo de software y servicios de formaci\u00f3n y atenci\u00f3n a clientes tecnol\u00f3gicos.Antonio Quir\u00f3s posee una dilatada experiencia en el mundo de los proyectos y servicios tecnol\u00f3gicos para clientes. Como cree que el ser humano unidimensional termin\u00f3 con los fil\u00f3sofos y cient\u00edficos del Renacimiento, resulta que es Licenciado en Filosof\u00eda por la UCM, Diplomado en Estudios Avanzados en Ciencias Pol\u00edticas por la UNED y Graduado en Direcci\u00f3n General de Empresas (PDG) por el IESE. Como si no fuera suficiente esta diversidad en los estudios, resulta que toda su experiencia profesional (m\u00e1s de treinta a\u00f1os) se ha llevado a cabo en el mundo de la tecnolog\u00eda, sobre todo en\u00a0 desarrollo de software y servicios de formaci\u00f3n y atenci\u00f3n a clientes tecnol\u00f3gicos.<\/p>\n\n\n\n<p>Inquieto por naturaleza, ha emprendido varios proyectos empresariales, Grupo Eidos (1991), Luarna Ediciones (2009) y BQ (2010). Como uno de los socios fundadores de esta \u00faltima compa\u00f1\u00eda&nbsp;se ha desempe\u00f1ado como responsable&nbsp;de los servicios de Postventa, intentando que estos fueran&nbsp;un factor diferencial. Su reto fue&nbsp;que los clientes de BQ, al acceder&nbsp;a uno de los dispositivos de la marca, pudieran sentir que hab\u00edan adquirido no solo tecnolog\u00eda sino una comunidad de servicios que les ayudara en el aprendizaje de su uso, que les facilitara un soporte Premium en cualquier circunstancia y que les ayudara con las eventualidades respecto a su uso que puedan present\u00e1rseles.<\/p>\n\n\n\n<p>Desde una perspectiva cronol\u00f3gica, su vida profesional se despliega as\u00ed:<\/p>\n\n\n\n<figure class=\"wp-block-table\"><table><tbody><tr><td>1986 \u2013 1990            <\/td><td>Empleado p\u00fablico. Jefe del Servicio de Inform\u00e1tica del Hospital Psiqui\u00e1trico de Madrid.<\/td><\/tr><tr><td>1990 \u2013 1991<\/td><td>Empleado p\u00fablico. Consultor \u2013 Jefe de Proyecto en Inform\u00e1tica y Comunicaciones de la Comunidad de Madrid.<\/td><\/tr><tr><td>1991 \u2013 2002                      <\/td><td>Socio Fundador de Grupo EIDOS, ocupando posiciones de Director de Formaci\u00f3n y Director General.<\/td><\/tr><tr><td>2002 \u2013 2009<\/td><td>General \u00c1rea Manager y Director de Operaciones de Alhambra Eidos.<\/td><\/tr><tr><td>2009 \u2013 2011<\/td><td>Consejero Delegado de Luarna Ediciones.<\/td><\/tr><tr><td>2011 \u2013 2016<\/td><td>Director de Postventa de BQ.<\/td><\/tr><tr><td>2017 \u2013 Actualidad                                      <\/td><td>De todo un poco. Nada serio.<\/td><\/tr><\/tbody><\/table><\/figure>\n","protected":false},"excerpt":{"rendered":"<p>Antonio Quir\u00f3s posee una dilatada experiencia en el mundo de los proyectos y servicios tecnol\u00f3gicos para clientes. Como cree que el ser humano unidimensional termin\u00f3 con los fil\u00f3sofos y cient\u00edficos del Renacimiento, resulta que es Licenciado en Filosof\u00eda por la UCM, Diplomado en Estudios Avanzados en Ciencias Pol\u00edticas por la UNED y Graduado en Direcci\u00f3n General de Empresas (PDG) por el IESE. Como si no&#8230; <\/p>\n<p class=\"more\"><a class=\"more-link\" href=\"https:\/\/blogs.masdividendos.com\/la-navaja-de-occam\/sobre-mi\/\">Leer m\u00e1s<\/a><\/p>\n","protected":false},"author":23,"featured_media":0,"parent":0,"menu_order":0,"comment_status":"closed","ping_status":"closed","template":"","meta":{"publish_to_discourse":"","publish_post_category":"","wpdc_auto_publish_overridden":"","wpdc_topic_tags":"","wpdc_pin_topic":"","wpdc_pin_until":"","discourse_post_id":"","discourse_permalink":"","wpdc_publishing_response":"","wpdc_publishing_error":"","footnotes":""},"_links":{"self":[{"href":"https:\/\/blogs.masdividendos.com\/la-navaja-de-occam\/wp-json\/wp\/v2\/pages\/87"}],"collection":[{"href":"https:\/\/blogs.masdividendos.com\/la-navaja-de-occam\/wp-json\/wp\/v2\/pages"}],"about":[{"href":"https:\/\/blogs.masdividendos.com\/la-navaja-de-occam\/wp-json\/wp\/v2\/types\/page"}],"author":[{"embeddable":true,"href":"https:\/\/blogs.masdividendos.com\/la-navaja-de-occam\/wp-json\/wp\/v2\/users\/23"}],"replies":[{"embeddable":true,"href":"https:\/\/blogs.masdividendos.com\/la-navaja-de-occam\/wp-json\/wp\/v2\/comments?post=87"}],"version-history":[{"count":4,"href":"https:\/\/blogs.masdividendos.com\/la-navaja-de-occam\/wp-json\/wp\/v2\/pages\/87\/revisions"}],"predecessor-version":[{"id":92,"href":"https:\/\/blogs.masdividendos.com\/la-navaja-de-occam\/wp-json\/wp\/v2\/pages\/87\/revisions\/92"}],"wp:attachment":[{"href":"https:\/\/blogs.masdividendos.com\/la-navaja-de-occam\/wp-json\/wp\/v2\/media?parent=87"}],"curies":[{"name":"wp","href":"https:\/\/api.w.org\/{rel}","templated":true}]}}