{"id":66,"date":"2020-08-12T21:43:32","date_gmt":"2020-08-12T21:43:32","guid":{"rendered":"https:\/\/blogs.masdividendos.com\/la-caja-de-searle\/?page_id=66"},"modified":"2020-10-17T07:02:18","modified_gmt":"2020-10-17T07:02:18","slug":"probando-2","status":"publish","type":"page","link":"https:\/\/blogs.masdividendos.com\/la-caja-de-searle\/probando-2\/","title":{"rendered":"\u00bfPor qu\u00e9 \u00abLa caja de Searle\u00bb?"},"content":{"rendered":"\n<p>En un mundo en el que cada vez est\u00e1 m\u00e1s presente la inteligencia artificial y donde o\u00edmos constantemente t\u00e9rminos como \u00abmachine learning\u00bb, \u00abredes neuronales\u00bb, \u00abaprendizaje profundo\u00bb , etc., parece que ya apenas queda lugar para el juicio humano. Pero el experimento mental de Searle nos recuerda que una elevada capacidad de computaci\u00f3n no basta para ser capaz de razonar de forma independiente, establecer relaciones causales y realizar inferencias; en definitiva: comprender todo aquello que nos rodea. <br>Hoy por hoy la aplicaci\u00f3n del sentido com\u00fan, la l\u00f3gica y la reflexi\u00f3n siguen siendo elementos indispensables para llevar a buen t\u00e9rmino cualquier actividad compleja, incluida la inversi\u00f3n. Espero que usted, lector, pueda encontrar en este blog algo de ellos.<\/p>\n","protected":false},"excerpt":{"rendered":"<p>En un mundo en el que cada vez est\u00e1 m\u00e1s presente la inteligencia artificial y donde o\u00edmos constantemente t\u00e9rminos como \u00abmachine learning\u00bb, \u00abredes neuronales\u00bb, \u00abaprendizaje profundo\u00bb , etc., parece que ya apenas queda lugar para el juicio humano. Pero el experimento mental de Searle nos recuerda que una elevada capacidad de computaci\u00f3n no basta para ser capaz de razonar de forma independiente, establecer relaciones causales&#8230; <\/p>\n<p class=\"more\"><a class=\"more-link\" href=\"https:\/\/blogs.masdividendos.com\/la-caja-de-searle\/probando-2\/\">Leer m\u00e1s<\/a><\/p>\n","protected":false},"author":9,"featured_media":0,"parent":0,"menu_order":0,"comment_status":"open","ping_status":"closed","template":"","meta":{"publish_to_discourse":"","publish_post_category":"","wpdc_auto_publish_overridden":"","wpdc_topic_tags":"","wpdc_pin_topic":"","wpdc_pin_until":"","discourse_post_id":"","discourse_permalink":"","wpdc_publishing_response":"","wpdc_publishing_error":"","footnotes":""},"_links":{"self":[{"href":"https:\/\/blogs.masdividendos.com\/la-caja-de-searle\/wp-json\/wp\/v2\/pages\/66"}],"collection":[{"href":"https:\/\/blogs.masdividendos.com\/la-caja-de-searle\/wp-json\/wp\/v2\/pages"}],"about":[{"href":"https:\/\/blogs.masdividendos.com\/la-caja-de-searle\/wp-json\/wp\/v2\/types\/page"}],"author":[{"embeddable":true,"href":"https:\/\/blogs.masdividendos.com\/la-caja-de-searle\/wp-json\/wp\/v2\/users\/9"}],"replies":[{"embeddable":true,"href":"https:\/\/blogs.masdividendos.com\/la-caja-de-searle\/wp-json\/wp\/v2\/comments?post=66"}],"version-history":[{"count":6,"href":"https:\/\/blogs.masdividendos.com\/la-caja-de-searle\/wp-json\/wp\/v2\/pages\/66\/revisions"}],"predecessor-version":[{"id":106,"href":"https:\/\/blogs.masdividendos.com\/la-caja-de-searle\/wp-json\/wp\/v2\/pages\/66\/revisions\/106"}],"wp:attachment":[{"href":"https:\/\/blogs.masdividendos.com\/la-caja-de-searle\/wp-json\/wp\/v2\/media?parent=66"}],"curies":[{"name":"wp","href":"https:\/\/api.w.org\/{rel}","templated":true}]}}