{"id":2,"date":"2020-11-09T14:00:00","date_gmt":"2020-11-09T14:00:00","guid":{"rendered":"https:\/\/blogs.masdividendos.com\/la-bola-de-nieve\/?page_id=2"},"modified":"2020-11-09T13:04:12","modified_gmt":"2020-11-09T13:04:12","slug":"sobre-el-blog","status":"publish","type":"page","link":"https:\/\/blogs.masdividendos.com\/la-bola-de-nieve\/sobre-el-blog\/","title":{"rendered":"Sobre el Blog"},"content":{"rendered":"\n<p>El nombre del blog, como os podr\u00e9is imaginar, viene del magn\u00edfico libro <a href=\"https:\/\/www.goodreads.com\/book\/show\/2054761.The_Snowball\">\u201cThe Snowball\u201d de Alice Schroeder<\/a>, que es una biograf\u00eda de Warren Buffett autorizada por el propio Or\u00e1culo de Omaha, donde se narra su vida como persona y como inversor y que fue el que, junto con otros libros de inversi\u00f3n, marc\u00f3 mi vida inversora en sus inicios all\u00e1 por el a\u00f1o 2008, no sin antes cometer muchos errores por el camino que, de vez en cuando, se siguen produciendo y que han servido para ir aprendiendo de los mismos y forjar mi manera de invertir actual.<\/p>\n\n\n\n<p>La filosof\u00eda de inversi\u00f3n que, humildemente y sabiendo mis limitaciones (ni soy inversor profesional, ni pretendo dar lecciones ni recomendaciones de nada), intentar\u00e9 transmitir es muy simple (pero no f\u00e1cil, como dir\u00eda Buffett): invertir en empresas de la m\u00e1xima calidad, con un trato exquisito a los accionistas y con varios a\u00f1os incrementando el dividendo de manera casi religiosa, haciendo as\u00ed honor al nombre de esta comunidad de M\u00e1sDividendos, ya que son esos dividendos crecientes los que permiten que el inter\u00e9s compuesto haga su magia y que la bola de nieve no pare de crecer.<\/p>\n\n\n\n<blockquote class=\"wp-block-quote is-layout-flow wp-block-quote-is-layout-flow\"><p><em>\u201cWe have a passion for keeping things simple\u201d ~ Charlie Munger<\/em><\/p><\/blockquote>\n\n\n\n<p>As\u00ed pues, el blog ser\u00e1 una bit\u00e1cora de inversi\u00f3n donde ir\u00e9 contando mis movimientos, mis progresos, mis errores, analizando empresas en cartera y compartiendo tesis de inversi\u00f3n de posibles candidatas o nuevas incorporaciones.<\/p>\n\n\n\n<p>La idea es publicar nuevas entradas cuando considere que tenga algo interesante que compartir y, por tanto, no habr\u00e1 una frecuencia de publicaci\u00f3n preestablecida, pero siempre estar\u00e9 abierto a dudas o sugerencias de posibles publicaciones.<\/p>\n\n\n\n<p>Espero no defraudar en esta nueva aventura. Un saludo a todos y que la bola de nieve siga rodando!<\/p>\n","protected":false},"excerpt":{"rendered":"<p>El nombre del blog, como os podr\u00e9is imaginar, viene del magn\u00edfico libro \u201cThe Snowball\u201d de Alice Schroeder, que es una biograf\u00eda de Warren Buffett autorizada por el propio Or\u00e1culo de Omaha, donde se narra su vida como persona y como inversor y que fue el que, junto con otros libros de inversi\u00f3n, marc\u00f3 mi vida inversora en sus inicios all\u00e1 por el a\u00f1o 2008, no&#8230; <\/p>\n<p class=\"more\"><a class=\"more-link\" href=\"https:\/\/blogs.masdividendos.com\/la-bola-de-nieve\/sobre-el-blog\/\">Leer m\u00e1s<\/a><\/p>\n","protected":false},"author":18,"featured_media":0,"parent":0,"menu_order":0,"comment_status":"closed","ping_status":"open","template":"","meta":{"publish_to_discourse":"","publish_post_category":"","wpdc_auto_publish_overridden":"","wpdc_topic_tags":"","wpdc_pin_topic":"","wpdc_pin_until":"","discourse_post_id":"","discourse_permalink":"","wpdc_publishing_response":"","wpdc_publishing_error":"","footnotes":""},"_links":{"self":[{"href":"https:\/\/blogs.masdividendos.com\/la-bola-de-nieve\/wp-json\/wp\/v2\/pages\/2"}],"collection":[{"href":"https:\/\/blogs.masdividendos.com\/la-bola-de-nieve\/wp-json\/wp\/v2\/pages"}],"about":[{"href":"https:\/\/blogs.masdividendos.com\/la-bola-de-nieve\/wp-json\/wp\/v2\/types\/page"}],"author":[{"embeddable":true,"href":"https:\/\/blogs.masdividendos.com\/la-bola-de-nieve\/wp-json\/wp\/v2\/users\/18"}],"replies":[{"embeddable":true,"href":"https:\/\/blogs.masdividendos.com\/la-bola-de-nieve\/wp-json\/wp\/v2\/comments?post=2"}],"version-history":[{"count":2,"href":"https:\/\/blogs.masdividendos.com\/la-bola-de-nieve\/wp-json\/wp\/v2\/pages\/2\/revisions"}],"predecessor-version":[{"id":89,"href":"https:\/\/blogs.masdividendos.com\/la-bola-de-nieve\/wp-json\/wp\/v2\/pages\/2\/revisions\/89"}],"wp:attachment":[{"href":"https:\/\/blogs.masdividendos.com\/la-bola-de-nieve\/wp-json\/wp\/v2\/media?parent=2"}],"curies":[{"name":"wp","href":"https:\/\/api.w.org\/{rel}","templated":true}]}}